{"id":562,"date":"2019-12-25T17:23:38","date_gmt":"2019-12-25T17:23:38","guid":{"rendered":"https:\/\/www.odiolanavidad.es\/?page_id=562"},"modified":"2019-12-25T17:23:38","modified_gmt":"2019-12-25T17:23:38","slug":"contacto","status":"publish","type":"page","link":"https:\/\/www.odiolanavidad.es\/index.php\/contacto\/","title":{"rendered":"Contacto"},"content":{"rendered":"\n<p>Si quieren uds. que aparezcan sus ocurrencias en estas p\u00e1ginas no tienen m\u00e1s que ponerse en contacto con el autor de estas p\u00e1ginas y enviarle sus comentarios o sus sugerencias. Usen el correo electr\u00f3nico <a href=\"mailto:info@odiolanavidad.es\">info@odiolanavidad.es<\/a> para esos menesteres.<\/p>\n\n\n\n<p>Tambi\u00e9n, claro, est\u00e1n uds. invitados a comentar y expresar sus opiniones en cada una de las entradas del blog, las nuevas, las antiguas y las antiqu\u00edsimas. A su placer.<\/p>\n","protected":false},"excerpt":{"rendered":"<p>Si quieren uds. que aparezcan sus ocurrencias en estas p\u00e1ginas no tienen m\u00e1s que ponerse en contacto con el autor de estas p\u00e1ginas y enviarle sus comentarios o sus sugerencias. Usen el correo electr\u00f3nico info@odiolanavidad.es para esos menesteres. Tambi\u00e9n, claro, est\u00e1n uds. invitados a comentar y expresar sus opiniones en cada una de las entradas &hellip; <\/p>\n<p class=\"link-more\"><a href=\"https:\/\/www.odiolanavidad.es\/index.php\/contacto\/\" class=\"more-link\">Continuar leyendo<span class=\"screen-reader-text\"> \u00abContacto\u00bb<\/span><\/a><\/p>\n","protected":false},"author":1,"featured_media":0,"parent":0,"menu_order":0,"comment_status":"closed","ping_status":"closed","template":"","meta":{"footnotes":""},"class_list":["post-562","page","type-page","status-publish","hentry"],"_links":{"self":[{"href":"https:\/\/www.odiolanavidad.es\/index.php\/wp-json\/wp\/v2\/pages\/562","targetHints":{"allow":["GET"]}}],"collection":[{"href":"https:\/\/www.odiolanavidad.es\/index.php\/wp-json\/wp\/v2\/pages"}],"about":[{"href":"https:\/\/www.odiolanavidad.es\/index.php\/wp-json\/wp\/v2\/types\/page"}],"author":[{"embeddable":true,"href":"https:\/\/www.odiolanavidad.es\/index.php\/wp-json\/wp\/v2\/users\/1"}],"replies":[{"embeddable":true,"href":"https:\/\/www.odiolanavidad.es\/index.php\/wp-json\/wp\/v2\/comments?post=562"}],"version-history":[{"count":1,"href":"https:\/\/www.odiolanavidad.es\/index.php\/wp-json\/wp\/v2\/pages\/562\/revisions"}],"predecessor-version":[{"id":563,"href":"https:\/\/www.odiolanavidad.es\/index.php\/wp-json\/wp\/v2\/pages\/562\/revisions\/563"}],"wp:attachment":[{"href":"https:\/\/www.odiolanavidad.es\/index.php\/wp-json\/wp\/v2\/media?parent=562"}],"curies":[{"name":"wp","href":"https:\/\/api.w.org\/{rel}","templated":true}]}}